{"id":140,"date":"2022-03-31T13:51:38","date_gmt":"2022-03-31T18:51:38","guid":{"rendered":"https:\/\/www.virtuaweb.ca\/sites\/cgfa-dev\/?page_id=140"},"modified":"2022-05-25T08:04:19","modified_gmt":"2022-05-25T13:04:19","slug":"historique","status":"publish","type":"page","link":"https:\/\/www.virtuaweb.ca\/sites\/cgfa-dev\/a-propos\/historique\/","title":{"rendered":"Historique"},"content":{"rendered":"\n<p>L\u2019id\u00e9e de fonder une coop\u00e9rative foresti\u00e8re \u00e0 Ste-Apolline est venue \u00e0 l\u2019hiver 1974 pour trouver une solution au remplacement de la soci\u00e9t\u00e9 d\u2019\u00e9tat Rexfor qui exploitait la for\u00eat r\u00e9gionale \u00e0 ce moment-l\u00e0. Plusieurs rencontres ont eu lieu. M\u00eame la pr\u00e9sence de journalistes de Radio-Canada pour un reportage au t\u00e9l\u00e9-journal du soir et l\u2019implication de Me Guy Bertrand a \u00e9t\u00e9 n\u00e9cessaire pour obtenir la charte et permettre \u00e0 une vingtaine de membres fondateurs de la Coop\u00e9rative de pouvoir d\u00e9buter les travaux de r\u00e9colte.<\/p>\n\n\n\n<p>La pers\u00e9v\u00e9rance, la t\u00e9nacit\u00e9, la solidarit\u00e9, l\u2019ouverture et l\u2019accueil aux travailleurs des municipalit\u00e9s voisines prouvent qu\u2019il faut se serrer les coudes et se tenir debout pour se faire reconna\u00eetre.<\/p>\n\n\n\n<p>Merci \u00e0 tous les membres qui, ann\u00e9e apr\u00e8s ann\u00e9e, continuent d\u2019assurer l\u2019avenir de la Coop\u00e9rative afin de procurer une meilleure qualit\u00e9 de vie \u00e0 leur famille tout en d\u00e9veloppant l\u2019\u00e9conomie locale et r\u00e9gionale.<\/p>\n","protected":false},"excerpt":{"rendered":"<p>L\u2019id\u00e9e de fonder une coop\u00e9rative foresti\u00e8re \u00e0 Ste-Apolline est venue \u00e0 l\u2019hiver 1974 pour trouver une solution au remplacement de [&hellip;]<\/p>\n","protected":false},"author":1,"featured_media":97,"parent":136,"menu_order":5,"comment_status":"closed","ping_status":"closed","template":"","meta":{"footnotes":""},"class_list":["post-140","page","type-page","status-publish","has-post-thumbnail","hentry"],"acf":[],"_links":{"self":[{"href":"https:\/\/www.virtuaweb.ca\/sites\/cgfa-dev\/wp-json\/wp\/v2\/pages\/140","targetHints":{"allow":["GET"]}}],"collection":[{"href":"https:\/\/www.virtuaweb.ca\/sites\/cgfa-dev\/wp-json\/wp\/v2\/pages"}],"about":[{"href":"https:\/\/www.virtuaweb.ca\/sites\/cgfa-dev\/wp-json\/wp\/v2\/types\/page"}],"author":[{"embeddable":true,"href":"https:\/\/www.virtuaweb.ca\/sites\/cgfa-dev\/wp-json\/wp\/v2\/users\/1"}],"replies":[{"embeddable":true,"href":"https:\/\/www.virtuaweb.ca\/sites\/cgfa-dev\/wp-json\/wp\/v2\/comments?post=140"}],"version-history":[{"count":4,"href":"https:\/\/www.virtuaweb.ca\/sites\/cgfa-dev\/wp-json\/wp\/v2\/pages\/140\/revisions"}],"predecessor-version":[{"id":161,"href":"https:\/\/www.virtuaweb.ca\/sites\/cgfa-dev\/wp-json\/wp\/v2\/pages\/140\/revisions\/161"}],"up":[{"embeddable":true,"href":"https:\/\/www.virtuaweb.ca\/sites\/cgfa-dev\/wp-json\/wp\/v2\/pages\/136"}],"wp:featuredmedia":[{"embeddable":true,"href":"https:\/\/www.virtuaweb.ca\/sites\/cgfa-dev\/wp-json\/wp\/v2\/media\/97"}],"wp:attachment":[{"href":"https:\/\/www.virtuaweb.ca\/sites\/cgfa-dev\/wp-json\/wp\/v2\/media?parent=140"}],"curies":[{"name":"wp","href":"https:\/\/api.w.org\/{rel}","templated":true}]}}