{"id":199,"date":"2022-04-02T08:28:16","date_gmt":"2022-04-02T13:28:16","guid":{"rendered":"https:\/\/www.virtuaweb.ca\/sites\/cgfa-dev\/?page_id=199"},"modified":"2022-06-01T09:28:30","modified_gmt":"2022-06-01T14:28:30","slug":"quest-ce-quune-cooperative","status":"publish","type":"page","link":"https:\/\/www.virtuaweb.ca\/sites\/cgfa-dev\/membres\/quest-ce-quune-cooperative\/","title":{"rendered":"Qu\u2019est-ce qu\u2019une coop\u00e9rative"},"content":{"rendered":"<div id=\"bande-grise\">        \n    <div class=\"div-inner\">\n\n        <p>La Coop\u00e9rative de Gestion Foresti\u00e8re des Appalaches est une coop\u00e9rative de travailleurs. C\u2019est donc dire qu\u2019il s\u2019agit d\u2019une coop\u00e9rative dont l\u2019objectif premier consiste \u00e0 fournir du travail \u00e0 ses membres. En \u00e9tant propri\u00e9taires de leur entreprise, les travailleurs peuvent ainsi avoir une plus grande implication quant au d\u00e9veloppement de celle-ci et \u00e0 ses orientations. C\u2019est une fa\u00e7on pour eux de prendre leur avenir en main.<\/p>\n<p>Il existe actuellement environ 150 coop\u00e9ratives de travailleurs au Qu\u00e9bec, dont une trentaine sont des coop\u00e9ratives foresti\u00e8res.<\/p>\n\n    <\/div>        \n<\/div> \n\n<div class=\"bloc-photo-texte bloc-photo-texte-gauche\">\n            \n        \n    <div class=\"bloc-photo-texte-image\" data-aos=\"fade-right\">\n        <img decoding=\"async\" alt=\"\" src=\"https:\/\/www.virtuaweb.ca\/sites\/cgfa-dev\/wp-content\/uploads\/Mathieu-Fortin-aspect-ratio-800-520.jpg\" \/>\n    <\/div>\n\n\n    <div class=\"bloc-photo-texte-texte\" data-aos=\"fade-left\">\n        <div class=\"bloc-photo-texte-texte-inner\">\n\n            <p class=\"Normal tm5\"><span class=\"tm6\">La coop\u00e9rative de travailleurs n\u2019est pas un organisme \u00e0 but non lucratif, mais bel et bien une entreprise dont la propri\u00e9t\u00e9 et la philosophie de gestion sont en harmonie avec un fonctionnement d\u00e9mocratique. Elle poss\u00e8de ses propres r\u00e8glements, adopt\u00e9s et modifi\u00e9s par les membres lors des assembl\u00e9es g\u00e9n\u00e9rales. <\/span><\/p>\n<p class=\"Normal tm5\"><span class=\"tm6\">Le fonctionnement de la coop\u00e9rative se fait en conformit\u00e9 avec la <\/span><em><span class=\"tm7\">Loi sur les coop\u00e9ratives<\/span><\/em><span class=\"tm6\"> (L.R.Q. C-67.2). L\u2019assembl\u00e9e g\u00e9n\u00e9rale des membres \u00e9lit un conseil d\u2019administration qui exercera tous les pouvoirs qui lui sont conf\u00e9r\u00e9s dans cette loi.<\/span><\/p>\n\n        <\/div>\n    <\/div>\n\n\n<\/div>\n\n\n<p class=\"texte-marge\">Le directeur g\u00e9n\u00e9ral, responsable des op\u00e9rations courantes de la coop\u00e9rative, rel\u00e8ve directement du conseil d\u2019administration. Tous les travailleurs \u00e0 l\u2019emploi de la coop\u00e9rative se doivent d\u2019en \u00eatre membres, \u00e0 l\u2019exception des personnes engag\u00e9es uniquement pour une courte p\u00e9riode.<\/p>\n\n\n\n<p class=\"texte-marge\">Le d\u00e9veloppement des coop\u00e9ratives de travailleurs repose sur la volont\u00e9 et la capacit\u00e9 du milieu \u00e0 cr\u00e9er localement de l\u2019emploi \u00e0 partir des ressources disponibles. Mais l\u2019entreprise coop\u00e9rative marque aussi un changement social caract\u00e9ris\u00e9 par la mont\u00e9e du partenariat, par la recherche de solutions originales et par l\u2019identification de nouveaux cr\u00e9neaux \u00e9conomiques.<\/p>\n\n\n<div class=\"bloc-photo-texte bloc-photo-texte-droit\">\n            \n        \n    <div class=\"bloc-photo-texte-image\" data-aos=\"fade-right\">\n        <img decoding=\"async\" alt=\"\" src=\"https:\/\/www.virtuaweb.ca\/sites\/cgfa-dev\/wp-content\/uploads\/Empilement-de-bois-aspect-ratio-800-520.jpg\" \/>\n    <\/div>\n\n\n    <div class=\"bloc-photo-texte-texte\" data-aos=\"fade-left\">\n        <div class=\"bloc-photo-texte-texte-inner\">\n\n            <p class=\"Normal tm5\"><span class=\"tm6\">La coop\u00e9rative foresti\u00e8re est une entreprise inali\u00e9nable, enracin\u00e9e dans son milieu et qui contribue au d\u00e9veloppement \u00e9conomique et social des r\u00e9gions du Qu\u00e9bec.<\/span><\/p>\n<p class=\"Normal tm5\">\n<p class=\"Normal tm5\"><span class=\"tm6\">Les coop\u00e9ratives de travail sont maintenant \u00e9troitement reli\u00e9es au concept de l\u2019\u00e9conomie sociale au Qu\u00e9bec. Les coop\u00e9ratives foresti\u00e8res acceptent cette all\u00e9geance au nom des principes qui les animent tout en insistant sur les notions de rentabilit\u00e9 d\u2019entreprise et de cr\u00e9ation de richesse collective.<\/span><\/p>\n\n        <\/div>\n    <\/div>\n\n\n<\/div>","protected":false},"excerpt":{"rendered":"<p>Le directeur g\u00e9n\u00e9ral, responsable des op\u00e9rations courantes de la coop\u00e9rative, rel\u00e8ve directement du conseil d\u2019administration. Tous les travailleurs \u00e0 l\u2019emploi [&hellip;]<\/p>\n","protected":false},"author":1,"featured_media":112,"parent":177,"menu_order":10,"comment_status":"closed","ping_status":"closed","template":"","meta":{"footnotes":""},"class_list":["post-199","page","type-page","status-publish","has-post-thumbnail","hentry"],"acf":[],"_links":{"self":[{"href":"https:\/\/www.virtuaweb.ca\/sites\/cgfa-dev\/wp-json\/wp\/v2\/pages\/199","targetHints":{"allow":["GET"]}}],"collection":[{"href":"https:\/\/www.virtuaweb.ca\/sites\/cgfa-dev\/wp-json\/wp\/v2\/pages"}],"about":[{"href":"https:\/\/www.virtuaweb.ca\/sites\/cgfa-dev\/wp-json\/wp\/v2\/types\/page"}],"author":[{"embeddable":true,"href":"https:\/\/www.virtuaweb.ca\/sites\/cgfa-dev\/wp-json\/wp\/v2\/users\/1"}],"replies":[{"embeddable":true,"href":"https:\/\/www.virtuaweb.ca\/sites\/cgfa-dev\/wp-json\/wp\/v2\/comments?post=199"}],"version-history":[{"count":13,"href":"https:\/\/www.virtuaweb.ca\/sites\/cgfa-dev\/wp-json\/wp\/v2\/pages\/199\/revisions"}],"predecessor-version":[{"id":314,"href":"https:\/\/www.virtuaweb.ca\/sites\/cgfa-dev\/wp-json\/wp\/v2\/pages\/199\/revisions\/314"}],"up":[{"embeddable":true,"href":"https:\/\/www.virtuaweb.ca\/sites\/cgfa-dev\/wp-json\/wp\/v2\/pages\/177"}],"wp:featuredmedia":[{"embeddable":true,"href":"https:\/\/www.virtuaweb.ca\/sites\/cgfa-dev\/wp-json\/wp\/v2\/media\/112"}],"wp:attachment":[{"href":"https:\/\/www.virtuaweb.ca\/sites\/cgfa-dev\/wp-json\/wp\/v2\/media?parent=199"}],"curies":[{"name":"wp","href":"https:\/\/api.w.org\/{rel}","templated":true}]}}