{"id":228,"date":"2022-04-03T08:49:14","date_gmt":"2022-04-03T13:49:14","guid":{"rendered":"https:\/\/www.virtuaweb.ca\/sites\/cgfa-dev\/?page_id=228"},"modified":"2022-04-03T08:49:43","modified_gmt":"2022-04-03T13:49:43","slug":"responsabilites-et-devoirs","status":"publish","type":"page","link":"https:\/\/www.virtuaweb.ca\/sites\/cgfa-dev\/membres\/responsabilites-et-devoirs\/","title":{"rendered":"Responsabilit\u00e9s et devoirs"},"content":{"rendered":"<div id=\"bande-grise\">        \n    <div class=\"div-inner\">\n\n        <p class=\"Normal tm5\"><span class=\"tm6\">En tant que membre d\u2019une organisation d\u00e9mocratique, <strong>vous avez les m\u00eames responsabilit\u00e9s qu\u2019un citoyen dans un pays d\u00e9mocratique<\/strong>, soit\u00a0:<\/span><\/p>\n<ul>\n<li class=\"Normal tm7\"><span class=\"tm6\">de participer aux assembl\u00e9es g\u00e9n\u00e9rales, m\u00eame si vous n\u2019y \u00eates pas oblig\u00e9 (en d\u00e9mocratie, les absents ont toujours tort !);<\/span><\/li>\n<li class=\"Normal tm7\"><span class=\"tm6\">de vous informer et de vous former pour bien comprendre les enjeux et d\u00e9fis humains et \u00e9conomiques de la Coop\u00e9rative par rapport auxquels le conseil d\u2019administration et la direction g\u00e9n\u00e9rale doivent prendre des d\u00e9cisions;<\/span><\/li>\n<li class=\"Normal tm7\"><span class=\"tm6\">de participer \u00e0 la capitalisation de votre coop\u00e9rative par votre investissement sous forme de parts (sociales et privil\u00e9gi\u00e9es).<\/span><\/li>\n<\/ul>\n\n    <\/div>        \n<\/div> \n\n\n<p class=\"texte-marge\"><strong>Vous avez \u00e9galement le devoir\u00a0:<\/strong><\/p>\n\n\n\n<ul class=\"texte-marge wp-block-list\"><li>de respecter les droits et responsabilit\u00e9s des autres membres tels que d\u00e9finis dans les r\u00e8glements et les politiques de la coop\u00e9rative;<\/li><li>de respecter les ordres et mandats qui vous sont affect\u00e9s par vos sup\u00e9rieurs hi\u00e9rarchiques dans le cadre de votre travail;<\/li><li>d\u2019assumer au mieux de vos connaissances et de votre expertise les mandats et responsabilit\u00e9s aff\u00e9rents \u00e0 un poste sur lequel vous avez \u00e9t\u00e9 \u00e9lu par les autres membres (conseil d\u2019administration ou comit\u00e9).<\/li><\/ul>\n","protected":false},"excerpt":{"rendered":"<p>Vous avez \u00e9galement le devoir\u00a0: de respecter les droits et responsabilit\u00e9s des autres membres tels que d\u00e9finis dans les r\u00e8glements [&hellip;]<\/p>\n","protected":false},"author":1,"featured_media":110,"parent":177,"menu_order":13,"comment_status":"closed","ping_status":"closed","template":"","meta":{"footnotes":""},"class_list":["post-228","page","type-page","status-publish","has-post-thumbnail","hentry"],"acf":[],"_links":{"self":[{"href":"https:\/\/www.virtuaweb.ca\/sites\/cgfa-dev\/wp-json\/wp\/v2\/pages\/228","targetHints":{"allow":["GET"]}}],"collection":[{"href":"https:\/\/www.virtuaweb.ca\/sites\/cgfa-dev\/wp-json\/wp\/v2\/pages"}],"about":[{"href":"https:\/\/www.virtuaweb.ca\/sites\/cgfa-dev\/wp-json\/wp\/v2\/types\/page"}],"author":[{"embeddable":true,"href":"https:\/\/www.virtuaweb.ca\/sites\/cgfa-dev\/wp-json\/wp\/v2\/users\/1"}],"replies":[{"embeddable":true,"href":"https:\/\/www.virtuaweb.ca\/sites\/cgfa-dev\/wp-json\/wp\/v2\/comments?post=228"}],"version-history":[{"count":3,"href":"https:\/\/www.virtuaweb.ca\/sites\/cgfa-dev\/wp-json\/wp\/v2\/pages\/228\/revisions"}],"predecessor-version":[{"id":231,"href":"https:\/\/www.virtuaweb.ca\/sites\/cgfa-dev\/wp-json\/wp\/v2\/pages\/228\/revisions\/231"}],"up":[{"embeddable":true,"href":"https:\/\/www.virtuaweb.ca\/sites\/cgfa-dev\/wp-json\/wp\/v2\/pages\/177"}],"wp:featuredmedia":[{"embeddable":true,"href":"https:\/\/www.virtuaweb.ca\/sites\/cgfa-dev\/wp-json\/wp\/v2\/media\/110"}],"wp:attachment":[{"href":"https:\/\/www.virtuaweb.ca\/sites\/cgfa-dev\/wp-json\/wp\/v2\/media?parent=228"}],"curies":[{"name":"wp","href":"https:\/\/api.w.org\/{rel}","templated":true}]}}