{"id":239,"date":"2022-04-03T09:20:37","date_gmt":"2022-04-03T14:20:37","guid":{"rendered":"https:\/\/www.virtuaweb.ca\/sites\/cgfa-dev\/?page_id=239"},"modified":"2022-06-29T10:01:19","modified_gmt":"2022-06-29T15:01:19","slug":"emploi","status":"publish","type":"page","link":"https:\/\/www.virtuaweb.ca\/sites\/cgfa-dev\/emploi\/","title":{"rendered":"Emploi"},"content":{"rendered":"\n<p>Bonjour, nous sommes pr\u00e9sentement \u00e0 la recherche d\u2019un camion sableur pour la saison hivernale 2022-2023. Si quelqu\u2019un d\u2019entre vous d\u00e9montre de l\u2019int\u00e9r\u00eat pour un contrat de d\u00e9neigement svp m\u2019en faire part au 581 978-1609.<\/p>\n","protected":false},"excerpt":{"rendered":"<p>Bonjour, nous sommes pr\u00e9sentement \u00e0 la recherche d\u2019un camion sableur pour la saison hivernale 2022-2023. Si quelqu\u2019un d\u2019entre vous d\u00e9montre [&hellip;]<\/p>\n","protected":false},"author":1,"featured_media":173,"parent":0,"menu_order":16,"comment_status":"closed","ping_status":"closed","template":"","meta":{"footnotes":""},"class_list":["post-239","page","type-page","status-publish","has-post-thumbnail","hentry"],"acf":[],"_links":{"self":[{"href":"https:\/\/www.virtuaweb.ca\/sites\/cgfa-dev\/wp-json\/wp\/v2\/pages\/239","targetHints":{"allow":["GET"]}}],"collection":[{"href":"https:\/\/www.virtuaweb.ca\/sites\/cgfa-dev\/wp-json\/wp\/v2\/pages"}],"about":[{"href":"https:\/\/www.virtuaweb.ca\/sites\/cgfa-dev\/wp-json\/wp\/v2\/types\/page"}],"author":[{"embeddable":true,"href":"https:\/\/www.virtuaweb.ca\/sites\/cgfa-dev\/wp-json\/wp\/v2\/users\/1"}],"replies":[{"embeddable":true,"href":"https:\/\/www.virtuaweb.ca\/sites\/cgfa-dev\/wp-json\/wp\/v2\/comments?post=239"}],"version-history":[{"count":3,"href":"https:\/\/www.virtuaweb.ca\/sites\/cgfa-dev\/wp-json\/wp\/v2\/pages\/239\/revisions"}],"predecessor-version":[{"id":369,"href":"https:\/\/www.virtuaweb.ca\/sites\/cgfa-dev\/wp-json\/wp\/v2\/pages\/239\/revisions\/369"}],"wp:featuredmedia":[{"embeddable":true,"href":"https:\/\/www.virtuaweb.ca\/sites\/cgfa-dev\/wp-json\/wp\/v2\/media\/173"}],"wp:attachment":[{"href":"https:\/\/www.virtuaweb.ca\/sites\/cgfa-dev\/wp-json\/wp\/v2\/media?parent=239"}],"curies":[{"name":"wp","href":"https:\/\/api.w.org\/{rel}","templated":true}]}}